{"id":3,"date":"2023-11-19T11:08:03","date_gmt":"2023-11-19T14:08:03","guid":{"rendered":"http:\/\/143.198.236.51:8094\/?page_id=3"},"modified":"2023-11-19T11:25:05","modified_gmt":"2023-11-19T14:25:05","slug":"politica-de-privacidade","status":"publish","type":"page","link":"https:\/\/uiapnews.com\/de\/politica-de-privacidade\/","title":{"rendered":"Datenschutzrichtlinie"},"content":{"rendered":"<p>Der Schutz Ihrer Daten ist uns wichtig. Uiapnews verpflichtet sich, Ihre Privatsph\u00e4re hinsichtlich aller Informationen, die wir \u00fcber die Website von Ihnen erfassen, zu respektieren. <a href=\"http:\/\/143.198.236.51:8094\" data-type=\"link\" data-id=\"https:\/\/unneced.com\">Uiapnews<\/a>, und andere Websites, die uns geh\u00f6ren und von uns betrieben werden.<\/p>\n\n\n\n<p>Wir erfragen personenbezogene Daten nur dann, wenn wir diese unbedingt ben\u00f6tigen, um Ihnen eine Dienstleistung anbieten zu k\u00f6nnen. Dies geschieht fair und rechtm\u00e4\u00dfig, mit Ihrem Wissen und Ihrer Einwilligung. Wir informieren Sie au\u00dferdem dar\u00fcber, warum wir Ihre Daten erheben und wie sie verwendet werden.<\/p>\n\n\n\n<p>Wir speichern die erhobenen Daten nur so lange, wie es f\u00fcr die Erbringung der angeforderten Dienstleistung erforderlich ist. Bei der Datenspeicherung sch\u00fctzen wir die Daten mit wirtschaftlich angemessenen Mitteln vor Verlust, Diebstahl sowie unbefugtem Zugriff, Offenlegung, Kopieren, Verwendung oder Ver\u00e4nderung.<\/p>\n\n\n\n<p>Wir geben personenbezogene Daten weder \u00f6ffentlich noch an Dritte weiter, es sei denn, dies ist gesetzlich vorgeschrieben.<\/p>\n\n\n\n<p>Unsere Website kann Links zu externen Websites enthalten, die nicht von uns betrieben werden. Bitte beachten Sie, dass wir keinen Einfluss auf die Inhalte und Praktiken dieser Websites haben und keine Verantwortung f\u00fcr deren Datenschutzrichtlinien \u00fcbernehmen k\u00f6nnen.<\/p>\n\n\n\n<p>Es steht Ihnen frei, unsere Anfrage nach pers\u00f6nlichen Informationen abzulehnen. Bitte haben Sie Verst\u00e4ndnis daf\u00fcr, dass wir Ihnen in diesem Fall m\u00f6glicherweise einige der gew\u00fcnschten Dienstleistungen nicht anbieten k\u00f6nnen.<\/p>\n\n\n\n<p>Durch die weitere Nutzung unserer Website erkl\u00e4ren Sie sich mit unseren Datenschutzbestimmungen einverstanden. Bei Fragen zum Umgang mit Nutzerdaten und personenbezogenen Daten kontaktieren Sie uns bitte.<\/p>\n\n\n\n<ul class=\"wp-block-list\">\n<li>Der von uns verwendete Google AdSense-Dienst zur Anzeigenschaltung nutzt einen DoubleClick-Cookie, um relevantere Anzeigen im Web bereitzustellen und die H\u00e4ufigkeit der Anzeige einer bestimmten Anzeige zu begrenzen.<\/li>\n\n\n\n<li>Weitere Informationen zu Google AdSense finden Sie in den offiziellen FAQs zum Datenschutz von Google AdSense.<\/li>\n\n\n\n<li>Wir nutzen Werbung, um die Kosten f\u00fcr den Betrieb dieser Website zu decken und die zuk\u00fcnftige Entwicklung zu finanzieren. Die von dieser Website verwendeten Cookies f\u00fcr verhaltensbasierte Werbung dienen dazu, Ihnen m\u00f6glichst relevante Anzeigen zu pr\u00e4sentieren, indem sie Ihre Interessen anonym erfassen und Ihnen \u00e4hnliche, m\u00f6glicherweise interessante Inhalte anzeigen.<\/li>\n\n\n\n<li>Mehrere Partner schalten Werbung in unserem Auftrag, und Affiliate-Tracking-Cookies erm\u00f6glichen es uns lediglich festzustellen, ob unsere Kunden \u00fcber eine unserer Partnerseiten auf die Website gelangt sind, damit wir diese entsprechend verg\u00fcten und gegebenenfalls unseren Affiliate-Partnern die M\u00f6glichkeit geben k\u00f6nnen, Ihnen Werbeaktionen anzubieten, um Sie zum Kauf zu animieren.<\/li>\n<\/ul>\n\n\n\n<h3 class=\"wp-block-heading\">Nutzerverpflichtung<\/h3>\n\n\n\n<p>Der Nutzer verpflichtet sich zur angemessenen Nutzung der von Uiapnews auf der Website angebotenen Inhalte und Informationen, einschlie\u00dflich, aber nicht beschr\u00e4nkt auf:<\/p>\n\n\n\n<ul class=\"wp-block-list\">\n<li>A) Keine Aktivit\u00e4ten auszu\u00fcben, die gegen geltendes Recht oder Treu und Glauben und die \u00f6ffentliche Ordnung versto\u00dfen;<\/li>\n\n\n\n<li>B) Es ist verboten, Propaganda oder Inhalte rassistischer, fremdenfeindlicher, gl\u00fccksspielbezogener oder risikoreicher Natur, jegliche Art illegaler Pornografie oder Inhalte, die Terrorismus f\u00f6rdern oder Menschenrechte verletzen, zu verbreiten;<\/li>\n\n\n\n<li>C) Es ist untersagt, die physischen (Hardware-) und logischen (Software-) Systeme von Uiapnews, seinen Lieferanten oder Dritten durch das Einf\u00fchren oder Verbreiten von Computerviren oder anderen Hardware- oder Softwaresystemen, die in der Lage sind, den vorgenannten Schaden zu verursachen, zu besch\u00e4digen.<\/li>\n<\/ul>\n\n\n\n<h3 class=\"wp-block-heading\">Weitere Informationen<\/h3>\n\n\n\n<p>Wir hoffen, dass dies verst\u00e4ndlich ist, und wie bereits erw\u00e4hnt, ist es im Allgemeinen sicherer, Cookies aktiviert zu lassen, falls Sie mit einer der Funktionen unserer Website interagieren, wenn Sie sich bei etwas unsicher sind, ob Sie es ben\u00f6tigen oder nicht.<\/p>\n\n\n\n<p>Diese Richtlinie tritt am 18. September 2023 um 15:01 Uhr in Kraft.<\/p>","protected":false},"excerpt":{"rendered":"<p>Ihre Privatsph\u00e4re ist uns wichtig. Uiapnews verpflichtet sich, Ihre Privatsph\u00e4re hinsichtlich aller Informationen, die wir auf der Uiapnews-Website und anderen von uns betriebenen Websites von Ihnen erfassen, zu respektieren. Wir fragen nur dann nach pers\u00f6nlichen Daten, wenn diese unbedingt erforderlich sind, um Ihnen einen Service anbieten zu k\u00f6nnen. Wir gehen dabei fair und rechtm\u00e4\u00dfig vor. [\u2026]<\/p>","protected":false},"author":1,"featured_media":0,"parent":0,"menu_order":0,"comment_status":"closed","ping_status":"open","template":"","meta":{"footnotes":""},"class_list":["post-3","page","type-page","status-publish","hentry"],"_links":{"self":[{"href":"https:\/\/uiapnews.com\/de\/wp-json\/wp\/v2\/pages\/3","targetHints":{"allow":["GET"]}}],"collection":[{"href":"https:\/\/uiapnews.com\/de\/wp-json\/wp\/v2\/pages"}],"about":[{"href":"https:\/\/uiapnews.com\/de\/wp-json\/wp\/v2\/types\/page"}],"author":[{"embeddable":true,"href":"https:\/\/uiapnews.com\/de\/wp-json\/wp\/v2\/users\/1"}],"replies":[{"embeddable":true,"href":"https:\/\/uiapnews.com\/de\/wp-json\/wp\/v2\/comments?post=3"}],"version-history":[{"count":1,"href":"https:\/\/uiapnews.com\/de\/wp-json\/wp\/v2\/pages\/3\/revisions"}],"predecessor-version":[{"id":10,"href":"https:\/\/uiapnews.com\/de\/wp-json\/wp\/v2\/pages\/3\/revisions\/10"}],"wp:attachment":[{"href":"https:\/\/uiapnews.com\/de\/wp-json\/wp\/v2\/media?parent=3"}],"curies":[{"name":"wp","href":"https:\/\/api.w.org\/{rel}","templated":true}]}}