{"id":3,"date":"2023-11-19T11:08:03","date_gmt":"2023-11-19T14:08:03","guid":{"rendered":"http:\/\/143.198.236.51:8094\/?page_id=3"},"modified":"2023-11-19T11:25:05","modified_gmt":"2023-11-19T14:25:05","slug":"politica-de-privacidade","status":"publish","type":"page","link":"https:\/\/uiapnews.com\/fr\/politica-de-privacidade\/","title":{"rendered":"politique de confidentialit\u00e9"},"content":{"rendered":"<p>Le respect de votre vie priv\u00e9e est important pour nous. La politique d&#039;Uiapnews est de respecter votre vie priv\u00e9e concernant toute information que nous pourrions recueillir aupr\u00e8s de vous sur le site web. <a href=\"http:\/\/143.198.236.51:8094\" data-type=\"link\" data-id=\"https:\/\/unneced.com\">Uiapnews<\/a>, et d&#039;autres sites web que nous poss\u00e9dons et exploitons.<\/p>\n\n\n\n<p>Nous ne demandons des renseignements personnels que lorsque cela est strictement n\u00e9cessaire pour vous fournir un service. Nous agissons de mani\u00e8re loyale et licite, avec votre consentement \u00e9clair\u00e9. Nous vous informons \u00e9galement des raisons pour lesquelles nous recueillons ces donn\u00e9es et de l&#039;usage qui en sera fait.<\/p>\n\n\n\n<p>Nous ne conservons les informations collect\u00e9es que le temps n\u00e9cessaire \u00e0 la fourniture du service demand\u00e9. Lors du stockage des donn\u00e9es, nous les prot\u00e9geons par des moyens commercialement acceptables afin de pr\u00e9venir toute perte, vol, acc\u00e8s non autoris\u00e9, divulgation, copie, utilisation ou modification.<\/p>\n\n\n\n<p>Nous ne partageons pas publiquement ni avec des tiers les informations permettant d&#039;identifier une personne, sauf lorsque la loi l&#039;exige.<\/p>\n\n\n\n<p>Notre site web peut contenir des liens vers des sites externes qui ne sont pas exploit\u00e9s par nous. Veuillez noter que nous n&#039;avons aucun contr\u00f4le sur le contenu et les pratiques de ces sites et que nous ne pouvons \u00eatre tenus responsables de leurs politiques de confidentialit\u00e9 respectives.<\/p>\n\n\n\n<p>Vous \u00eates libre de refuser notre demande de renseignements personnels, \u00e9tant entendu que nous pourrions alors ne pas \u00eatre en mesure de vous fournir certains des services que vous souhaitez.<\/p>\n\n\n\n<p>En continuant \u00e0 utiliser notre site web, vous acceptez nos pratiques en mati\u00e8re de confidentialit\u00e9 et de traitement des donn\u00e9es personnelles. Pour toute question concernant la gestion de vos donn\u00e9es personnelles, veuillez nous contacter.<\/p>\n\n\n\n<ul class=\"wp-block-list\">\n<li>Le service Google AdSense que nous utilisons pour diffuser des publicit\u00e9s utilise un cookie DoubleClick afin de vous proposer des annonces plus pertinentes sur le Web et de limiter le nombre de fois o\u00f9 une m\u00eame annonce vous est pr\u00e9sent\u00e9e.<\/li>\n\n\n\n<li>Pour plus d&#039;informations sur Google AdSense, veuillez consulter la FAQ officielle sur la confidentialit\u00e9 de Google AdSense.<\/li>\n\n\n\n<li>Nous utilisons la publicit\u00e9 pour couvrir les frais de fonctionnement de ce site et financer son d\u00e9veloppement futur. Les cookies de publicit\u00e9 comportementale utilis\u00e9s par ce site sont con\u00e7us pour vous proposer les publicit\u00e9s les plus pertinentes possible en suivant anonymement vos centres d&#039;int\u00e9r\u00eat et en vous pr\u00e9sentant des contenus similaires susceptibles de vous int\u00e9resser.<\/li>\n\n\n\n<li>Plusieurs partenaires font de la publicit\u00e9 en notre nom, et les cookies de suivi d&#039;affiliation nous permettent simplement de voir si nos clients ont acc\u00e9d\u00e9 au site via l&#039;un de nos sites partenaires, afin que nous puissions les cr\u00e9diter comme il se doit et, le cas \u00e9ch\u00e9ant, permettre \u00e0 nos partenaires affili\u00e9s de proposer les promotions qu&#039;ils peuvent offrir pour vous encourager \u00e0 effectuer un achat.<\/li>\n<\/ul>\n\n\n\n<h3 class=\"wp-block-heading\">Engagement de l&#039;utilisateur<\/h3>\n\n\n\n<p>L&#039;utilisateur s&#039;engage \u00e0 faire un usage appropri\u00e9 du contenu et des informations propos\u00e9s par Uiapnews sur le site web, notamment, mais sans s&#039;y limiter\u00a0:<\/p>\n\n\n\n<ul class=\"wp-block-list\">\n<li>A) Ne pas se livrer \u00e0 des activit\u00e9s ill\u00e9gales ou contraires \u00e0 la bonne foi et \u00e0 l\u2019ordre public ;<\/li>\n\n\n\n<li>B) Ne pas diffuser de propagande ou de contenu \u00e0 caract\u00e8re raciste, x\u00e9nophobe, incitant au jeu ou \u00e0 des risques, tout type de pornographie ill\u00e9gale, ou de contenu faisant la promotion du terrorisme ou violant les droits de l\u2019homme ;<\/li>\n\n\n\n<li>C) Ne pas causer de dommages aux syst\u00e8mes physiques (mat\u00e9riels) et logiques (logiciels) d&#039;Uiapnews, de ses fournisseurs ou de tiers, en introduisant ou en diffusant des virus informatiques ou tout autre syst\u00e8me mat\u00e9riel ou logiciel capable de causer les dommages susmentionn\u00e9s.<\/li>\n<\/ul>\n\n\n\n<h3 class=\"wp-block-heading\">Plus d&#039;informations<\/h3>\n\n\n\n<p>Nous esp\u00e9rons que cela est clair et, comme mentionn\u00e9 pr\u00e9c\u00e9demment, en cas de doute sur la n\u00e9cessit\u00e9 d&#039;activer ou non les cookies, il est g\u00e9n\u00e9ralement plus s\u00fbr de les laisser activ\u00e9s si vous interagissez avec l&#039;une des fonctionnalit\u00e9s de notre site web.<\/p>\n\n\n\n<p>Cette politique entrera en vigueur le 18 septembre 2023 \u00e0 15h01.<\/p>","protected":false},"excerpt":{"rendered":"<p>Le respect de votre vie priv\u00e9e est important pour nous. La politique d&#039;Uiapnews est de respecter votre vie priv\u00e9e concernant toute information que nous pourrions recueillir aupr\u00e8s de vous sur le site web d&#039;Uiapnews et sur les autres sites que nous poss\u00e9dons et exploitons. Nous ne demandons des informations personnelles que lorsque cela est strictement n\u00e9cessaire pour vous fournir un service. Nous agissons de mani\u00e8re \u00e9quitable et l\u00e9gale, en respectant [\u2026]<\/p>","protected":false},"author":1,"featured_media":0,"parent":0,"menu_order":0,"comment_status":"closed","ping_status":"open","template":"","meta":{"footnotes":""},"class_list":["post-3","page","type-page","status-publish","hentry"],"_links":{"self":[{"href":"https:\/\/uiapnews.com\/fr\/wp-json\/wp\/v2\/pages\/3","targetHints":{"allow":["GET"]}}],"collection":[{"href":"https:\/\/uiapnews.com\/fr\/wp-json\/wp\/v2\/pages"}],"about":[{"href":"https:\/\/uiapnews.com\/fr\/wp-json\/wp\/v2\/types\/page"}],"author":[{"embeddable":true,"href":"https:\/\/uiapnews.com\/fr\/wp-json\/wp\/v2\/users\/1"}],"replies":[{"embeddable":true,"href":"https:\/\/uiapnews.com\/fr\/wp-json\/wp\/v2\/comments?post=3"}],"version-history":[{"count":1,"href":"https:\/\/uiapnews.com\/fr\/wp-json\/wp\/v2\/pages\/3\/revisions"}],"predecessor-version":[{"id":10,"href":"https:\/\/uiapnews.com\/fr\/wp-json\/wp\/v2\/pages\/3\/revisions\/10"}],"wp:attachment":[{"href":"https:\/\/uiapnews.com\/fr\/wp-json\/wp\/v2\/media?parent=3"}],"curies":[{"name":"wp","href":"https:\/\/api.w.org\/{rel}","templated":true}]}}