{"id":3,"date":"2023-11-19T11:08:03","date_gmt":"2023-11-19T14:08:03","guid":{"rendered":"http:\/\/143.198.236.51:8094\/?page_id=3"},"modified":"2023-11-19T11:25:05","modified_gmt":"2023-11-19T14:25:05","slug":"politica-de-privacidade","status":"publish","type":"page","link":"https:\/\/uiapnews.com\/hr\/politica-de-privacidade\/","title":{"rendered":"Politika privatnosti"},"content":{"rendered":"<p>Va\u0161a privatnost nam je va\u017ena. Politika tvrtke Uiapnews je po\u0161tivati va\u0161u privatnost u vezi sa svim informacijama koje mo\u017eemo prikupiti od vas na web stranici. <a href=\"http:\/\/143.198.236.51:8094\" data-type=\"link\" data-id=\"https:\/\/unneced.com\">Uiapnews<\/a>, i druge web stranice koje posjedujemo i kojima upravljamo.<\/p>\n\n\n\n<p>Osobne podatke tra\u017eimo samo kada su nam zaista potrebni kako bismo vam pru\u017eili uslugu. To \u010dinimo po\u0161teno i zakonito, uz va\u0161e znanje i pristanak. Tako\u0111er vas obavje\u0161tavamo za\u0161to ih prikupljamo i kako \u0107e se koristiti.<\/p>\n\n\n\n<p>Prikupljene podatke \u010duvamo samo onoliko dugo koliko je potrebno za pru\u017eanje tra\u017eene usluge. Kada pohranjujemo podatke, \u0161titimo ih komercijalno prihvatljivim sredstvima kako bismo sprije\u010dili gubitak i kra\u0111u, kao i neovla\u0161teni pristup, otkrivanje, kopiranje, kori\u0161tenje ili izmjenu.<\/p>\n\n\n\n<p>Ne dijelimo osobne podatke javno ili s tre\u0107im stranama, osim kada je to zakonom propisano.<\/p>\n\n\n\n<p>Na\u0161a web stranica mo\u017ee sadr\u017eavati poveznice na vanjske stranice kojima ne upravljamo mi. Imajte na umu da nemamo kontrolu nad sadr\u017eajem i praksama tih stranica te ne mo\u017eemo preuzeti odgovornost za njihove odgovaraju\u0107e politike privatnosti.<\/p>\n\n\n\n<p>Slobodni ste odbiti na\u0161 zahtjev za osobnim podacima, uz razumijevanje da vam mo\u017eda ne\u0107emo mo\u0107i pru\u017eiti neke od usluga koje \u017eelite.<\/p>\n\n\n\n<p>Daljnje kori\u0161tenje na\u0161e web stranice smatrat \u0107e se prihva\u0107anjem na\u0161ih praksi u vezi s privatno\u0161\u0107u i osobnim podacima. Ako imate bilo kakvih pitanja o tome kako postupamo s korisni\u010dkim podacima i osobnim podacima, kontaktirajte nas.<\/p>\n\n\n\n<ul class=\"wp-block-list\">\n<li>Usluga Google AdSense koju koristimo za prikazivanje oglasa koristi DoubleClick kola\u010di\u0107 kako bi vam prikazivala relevantnije oglase na webu i ograni\u010dila broj prikazivanja odre\u0111enog oglasa.<\/li>\n\n\n\n<li>Za vi\u0161e informacija o Google AdSenseu, pogledajte slu\u017ebena \u010desto postavljana pitanja o privatnosti za Google AdSense.<\/li>\n\n\n\n<li>Ogla\u0161avanje koristimo kako bismo pokrili tro\u0161kove odr\u017eavanja ove stranice i osigurali financiranje za budu\u0107i razvoj. Kola\u010di\u0107i za bihevioralno ogla\u0161avanje koje koristi ova stranica osmi\u0161ljeni su kako bi vam se osigurali najrelevantniji oglasi kad god je to mogu\u0107e anonimnim pra\u0107enjem va\u0161ih interesa i predstavljanjem sli\u010dnih stvari koje bi vas mogle zanimati.<\/li>\n\n\n\n<li>Nekoliko partnera ogla\u0161ava se u na\u0161e ime, a kola\u010di\u0107i za pra\u0107enje pridru\u017eenih partnera jednostavno nam omogu\u0107uju da vidimo jesu li na\u0161i kupci pristupili stranici putem jedne od partnerskih stranica, kako bismo ih mogli na odgovaraju\u0107i na\u010din zaslugati i, gdje je to primjenjivo, omogu\u0107iti na\u0161im pridru\u017eenim partnerima da ponude sve promocije koje mogu pru\u017eiti kako bi vas potaknuli na kupnju.<\/li>\n<\/ul>\n\n\n\n<h3 class=\"wp-block-heading\">Obveza korisnika<\/h3>\n\n\n\n<p>Korisnik se sla\u017ee da \u0107e na odgovaraju\u0107i na\u010din koristiti sadr\u017eaj i informacije koje Uiapnews nudi na web stranici, uklju\u010duju\u0107i, ali ne ograni\u010davaju\u0107i se na:<\/p>\n\n\n\n<ul class=\"wp-block-list\">\n<li>A) Ne baviti se aktivnostima koje su nezakonite ili suprotne dobroj vjeri i javnom redu;<\/li>\n\n\n\n<li>B) Ne \u0161iriti propagandu ili sadr\u017eaj rasisti\u010dke, ksenofobne, kockarske ili rizi\u010dne prirode, bilo koju vrstu ilegalne pornografije ili sadr\u017eaj koji poti\u010de terorizam ili kr\u0161i ljudska prava;<\/li>\n\n\n\n<li>C) Ne o\u0161tetiti fizi\u010dke (hardverske) i logi\u010dke (softverske) sustave tvrtke Uiapnews, njezinih dobavlja\u010da ili tre\u0107ih strana uno\u0161enjem ili \u0161irenjem ra\u010dunalnih virusa ili bilo kojeg drugog hardverskog ili softverskog sustava koji mo\u017ee uzrokovati gore navedenu \u0161tetu.<\/li>\n<\/ul>\n\n\n\n<h3 class=\"wp-block-heading\">Vi\u0161e informacija<\/h3>\n\n\n\n<p>Nadamo se da je ovo jasno i, kao \u0161to je ve\u0107 spomenuto, ako postoji ne\u0161to oko \u010dega niste sigurni trebate li kola\u010di\u0107e ili ne, op\u0107enito je sigurnije ostaviti ih omogu\u0107enima u slu\u010daju da koristite neku od zna\u010dajki koje koristite na na\u0161oj web stranici.<\/p>\n\n\n\n<p>Ova politika stupa na snagu 18. rujna 2023. u 15:01.<\/p>","protected":false},"excerpt":{"rendered":"<p>A sua privacidade \u00e9 importante para n\u00f3s. \u00c9 pol\u00edtica do Uiapnews respeitar a sua privacidade em rela\u00e7\u00e3o a qualquer informa\u00e7\u00e3o sua que possamos coletar no site Uiapnews, e outros sites que possu\u00edmos e operamos. Solicitamos informa\u00e7\u00f5es pessoais apenas quando realmente precisamos delas para lhe fornecer um servi\u00e7o. Fazemo-lo por meios justos e legais, com o [&hellip;]<\/p>","protected":false},"author":1,"featured_media":0,"parent":0,"menu_order":0,"comment_status":"closed","ping_status":"open","template":"","meta":{"footnotes":""},"class_list":["post-3","page","type-page","status-publish","hentry"],"_links":{"self":[{"href":"https:\/\/uiapnews.com\/hr\/wp-json\/wp\/v2\/pages\/3","targetHints":{"allow":["GET"]}}],"collection":[{"href":"https:\/\/uiapnews.com\/hr\/wp-json\/wp\/v2\/pages"}],"about":[{"href":"https:\/\/uiapnews.com\/hr\/wp-json\/wp\/v2\/types\/page"}],"author":[{"embeddable":true,"href":"https:\/\/uiapnews.com\/hr\/wp-json\/wp\/v2\/users\/1"}],"replies":[{"embeddable":true,"href":"https:\/\/uiapnews.com\/hr\/wp-json\/wp\/v2\/comments?post=3"}],"version-history":[{"count":1,"href":"https:\/\/uiapnews.com\/hr\/wp-json\/wp\/v2\/pages\/3\/revisions"}],"predecessor-version":[{"id":10,"href":"https:\/\/uiapnews.com\/hr\/wp-json\/wp\/v2\/pages\/3\/revisions\/10"}],"wp:attachment":[{"href":"https:\/\/uiapnews.com\/hr\/wp-json\/wp\/v2\/media?parent=3"}],"curies":[{"name":"radni list","href":"https:\/\/api.w.org\/{rel}","templated":true}]}}