{"id":3,"date":"2023-11-19T11:08:03","date_gmt":"2023-11-19T14:08:03","guid":{"rendered":"http:\/\/143.198.236.51:8094\/?page_id=3"},"modified":"2023-11-19T11:25:05","modified_gmt":"2023-11-19T14:25:05","slug":"politica-de-privacidade","status":"publish","type":"page","link":"https:\/\/uiapnews.com\/it\/politica-de-privacidade\/","title":{"rendered":"politica sulla riservatezza"},"content":{"rendered":"<p>La tua privacy \u00e8 importante per noi. \u00c8 politica di Uiapnews rispettare la tua privacy riguardo a qualsiasi informazione che potremmo raccogliere da te sul sito web <a href=\"http:\/\/143.198.236.51:8094\" data-type=\"link\" data-id=\"https:\/\/unneced.com\">Uiapnews<\/a>e altri siti che possediamo e gestiamo.<\/p>\n\n\n\n<p>Richiediamo informazioni personali solo quando ne abbiamo veramente bisogno per fornirti un servizio. Lo facciamo con mezzi equi e legali, con la tua conoscenza e il tuo consenso. Ti diciamo anche perch\u00e9 lo stiamo raccogliendo e come verr\u00e0 utilizzato.<\/p>\n\n\n\n<p>Conserviamo le informazioni raccolte solo per il tempo necessario a fornire il servizio richiesto. Quando archiviamo i dati, li proteggiamo con mezzi commercialmente accettabili per prevenire perdite e furti, nonch\u00e9 accesso, divulgazione, copia, utilizzo o modifica non autorizzati.<\/p>\n\n\n\n<p>Non condividiamo informazioni di identificazione personale pubblicamente o con terze parti tranne quando richiesto dalla legge.<\/p>\n\n\n\n<p>Il nostro sito Web potrebbe contenere collegamenti a siti Web esterni che non sono gestiti da noi. Tieni presente che non abbiamo alcun controllo sul contenuto e sulle pratiche di questi siti e non possiamo accettare la responsabilit\u00e0 per le rispettive politiche sulla privacy.<\/p>\n\n\n\n<p>Sei libero di rifiutare la nostra richiesta di informazioni personali, con la consapevolezza che potremmo non essere in grado di fornirti alcuni dei servizi desiderati.<\/p>\n\n\n\n<p>L&#039;uso continuato del nostro sito Web sar\u00e0 considerato accettazione delle nostre pratiche in materia di privacy e informazioni personali. Se hai domande su come gestiamo i dati degli utenti e le informazioni personali, ti preghiamo di contattarci.<\/p>\n\n\n\n<ul class=\"wp-block-list\">\n<li>Il servizio Google AdSense che utilizziamo per pubblicare pubblicit\u00e0 utilizza un cookie DoubleClick per pubblicare annunci pi\u00f9 pertinenti sul Web e limitare il numero di volte in cui ti viene mostrato un particolare annuncio.<\/li>\n\n\n\n<li>Per ulteriori informazioni su Google AdSense, consulta le domande frequenti sulla privacy ufficiali di Google AdSense.<\/li>\n\n\n\n<li>Utilizziamo la pubblicit\u00e0 per compensare i costi di gestione di questo sito e fornire finanziamenti per lo sviluppo futuro. I cookie di pubblicit\u00e0 comportamentale utilizzati da questo sito sono progettati per garantire che ti forniamo gli annunci pubblicitari pi\u00f9 pertinenti, ove possibile, monitorando in modo anonimo i tuoi interessi e presentando cose simili che potrebbero interessarti.<\/li>\n\n\n\n<li>Diversi partner fanno pubblicit\u00e0 per nostro conto e i cookie di tracciamento degli affiliati ci consentono semplicemente di vedere se i nostri clienti hanno avuto accesso al sito attraverso uno dei siti dei nostri partner in modo da poterli accreditare in modo appropriato e, ove applicabile, consentire ai nostri partner affiliati di offrire qualsiasi promozione che pu\u00f2 fornirti l&#039;acquisto.<\/li>\n<\/ul>\n\n\n\n<h3 class=\"wp-block-heading\">Impegno dell&#039;utente<\/h3>\n\n\n\n<p>L&#039;utente si impegna a fare un uso appropriato dei contenuti e delle informazioni che Uiapnews offre sul sito e con carattere enunciativo ma non limitativo:<\/p>\n\n\n\n<ul class=\"wp-block-list\">\n<li>A) Non svolgere attivit\u00e0 illegali o contrarie alla buona fede e all&#039;ordine pubblico;<\/li>\n\n\n\n<li>B) Non diffondere propaganda o contenuti di carattere razzista, xenofobo, gioco d&#039;azzardo o gioco d&#039;azzardo, qualsiasi tipo di pornografia illegale, a sostegno del terrorismo o contro i diritti umani;<\/li>\n\n\n\n<li>C) Non causare danni ai sistemi fisici (hardware) e logici (software) di Uiapnews, dei suoi fornitori o di terzi, per introdurre o diffondere virus informatici o qualsiasi altro sistema hardware o software in grado di causare i suddetti danni.<\/li>\n<\/ul>\n\n\n\n<h3 class=\"wp-block-heading\">Maggiori informazioni<\/h3>\n\n\n\n<p>Speriamo che sia chiaro e, come accennato in precedenza, se c&#039;\u00e8 qualcosa di cui non sei sicuro che ti serva o meno, di solito \u00e8 pi\u00f9 sicuro lasciare i cookie abilitati nel caso in cui interagisca con una delle funzionalit\u00e0 che utilizzi sul nostro sito.<\/p>\n\n\n\n<p>Questa politica \u00e8 in vigore dal 18 settembre 2023 15:01<\/p>","protected":false},"excerpt":{"rendered":"<p>A sua privacidade \u00e9 importante para n\u00f3s. \u00c9 pol\u00edtica do Uiapnews respeitar a sua privacidade em rela\u00e7\u00e3o a qualquer informa\u00e7\u00e3o sua que possamos coletar no site Uiapnews, e outros sites que possu\u00edmos e operamos. Solicitamos informa\u00e7\u00f5es pessoais apenas quando realmente precisamos delas para lhe fornecer um servi\u00e7o. Fazemo-lo por meios justos e legais, com o [&hellip;]<\/p>","protected":false},"author":1,"featured_media":0,"parent":0,"menu_order":0,"comment_status":"closed","ping_status":"open","template":"","meta":{"footnotes":""},"class_list":["post-3","page","type-page","status-publish","hentry"],"_links":{"self":[{"href":"https:\/\/uiapnews.com\/it\/wp-json\/wp\/v2\/pages\/3","targetHints":{"allow":["GET"]}}],"collection":[{"href":"https:\/\/uiapnews.com\/it\/wp-json\/wp\/v2\/pages"}],"about":[{"href":"https:\/\/uiapnews.com\/it\/wp-json\/wp\/v2\/types\/page"}],"author":[{"embeddable":true,"href":"https:\/\/uiapnews.com\/it\/wp-json\/wp\/v2\/users\/1"}],"replies":[{"embeddable":true,"href":"https:\/\/uiapnews.com\/it\/wp-json\/wp\/v2\/comments?post=3"}],"version-history":[{"count":1,"href":"https:\/\/uiapnews.com\/it\/wp-json\/wp\/v2\/pages\/3\/revisions"}],"predecessor-version":[{"id":10,"href":"https:\/\/uiapnews.com\/it\/wp-json\/wp\/v2\/pages\/3\/revisions\/10"}],"wp:attachment":[{"href":"https:\/\/uiapnews.com\/it\/wp-json\/wp\/v2\/media?parent=3"}],"curies":[{"name":"wp","href":"https:\/\/api.w.org\/{rel}","templated":true}]}}